{"id":406,"date":"2022-05-26T08:09:21","date_gmt":"2022-05-26T06:09:21","guid":{"rendered":"https:\/\/hotel-stechelberg.ch\/?page_id=406"},"modified":"2023-03-12T16:06:13","modified_gmt":"2023-03-12T15:06:13","slug":"allgemeine-geschaeftsbestimmungen","status":"publish","type":"page","link":"https:\/\/hotel-stechelberg.ch\/index.php\/allgemeine-geschaeftsbestimmungen\/","title":{"rendered":"Allgemeine Gesch\u00e4ftsbestimmungen"},"content":{"rendered":"\n<h1>\n\t\tAGB\n\t<\/h1>\n<h2>\n\t\tAGB\n\t<\/h2>\n\t<p>Ein Vertrag kommt zustande, wenn eine Zahlung der gesamten Buchungssumme mit einer Kreditkarte bei der Onlinebuchung oder bei direkter Buchung beim Check-in-Terminal get\u00e4tigt wurde. Nach der Buchung wird eine elektronische Buchungsbest\u00e4tigung an den Gast gesendet.<\/p>\n<p>&nbsp;<\/p>\n<p><strong>Buchung und R\u00fccktritt<\/strong><\/p>\n<p>Die Buchung erfolgt Online oder beim Check-in-Terminal. Die Vorauszahlung der gesamten Summer erfolgt im Voraus mittels Kreditkarte.<\/p>\n<p>Folgende Annulationsbestimmungen gelten:<\/p>\n<p><em><strong>Bis 30 Tage vor Antritt &#8211; ohne Kostenfolge<\/strong><\/em><\/p>\n<p><em><strong>Bis 7 Tage vor Antritt &#8211; 25% vom Preis<\/strong><\/em><\/p>\n<p><em><strong>Bis 5 Tage vor Antritt &#8211; 75% vom Preis<\/strong><\/em><\/p>\n<p>&nbsp;<\/p>\n<p><strong>Check-in und Check-out<\/strong><\/p>\n<p>Das Zimmer steht am Anreisetag sp\u00e4testens ab 15.00 Uhr zur Verf\u00fcgung. Am vereinbarten Abreisetag sind die Zimmer bis sp\u00e4testens 11.00 Uhr zu r\u00e4umen.<\/p>\n<p>&nbsp;<\/p>\n<p><strong>Preise und Zahlungsmittel<\/strong><\/p>\n<p>S\u00e4mtliche in Preislisten, auf Websites oder anderswo aufgef\u00fchrten Preise verstehen sich in Schweizer Franken und der gesetzlichen Mehrwertsteuer.<\/p>\n<p>Folgende Zahlungsmittel respektive Kreditkarten werden akzeptiert:<\/p>\n<ul>\n<li>V-Pay<\/li>\n<li>Visa<\/li>\n<li>Mastercard<\/li>\n<li>Maestrokarte<\/li>\n<li>Debitkarte<\/li>\n<li>American Express<\/li>\n<\/ul>\n<p>&nbsp;<\/p>\n<p><strong>Rauchverbot und Brandschutz<\/strong><\/p>\n<p>Falls versucht wird, die Brandmelder mutwillig ausser Betrieb zu setzen, wird dies mit einer Strafgeb\u00fchr von mindestens CHF 1&#8217;000 pro Zimmer verrechnet.<\/p>\n<p>Ausserdem werden bei einer irrt\u00fcmlichen oder missbr\u00e4uchlichen Alarmierung der Feuerwehr eine Geb\u00fchr von mindestens CHF 1&#8217;000 zuz\u00fcglich der Einsatzkosten der Feuerwehr an den Verursacher weiterverrechnet.<\/p>\n<p>&nbsp;<\/p>\n<p><strong>Haustiere<\/strong><\/p>\n<p>Das Mitbringen eines Haustiers bedarf der Zustimmung des Hotel Stechelberg. Der Gast ist dazu verpflichtet, den Wunsch, ein Haustier mitzubringen, vorab bekannt zu geben. Wenn das Hotel Stechelberg dem Mitbringen des Haustiers zustimmt, so geschieht dies unter der Voraussetzung, dass das Tier unter der st\u00e4ndigen Aufsicht des Gastes steht sowie frei von Krankheiten ist und auch sonst keine Gefahr f\u00fcr die anderen Hotelg\u00e4ste und das Hotelpersonal darstellt.<\/p>\n<p>Das Mitf\u00fchren des Tieres beim Fr\u00fchst\u00fcck ist nicht gestattet. F\u00fcr das Haustier f\u00e4llt eine Geb\u00fchr von CHF 15.00 pro Nacht an.<\/p>\n<p>&nbsp;<\/p>\n<p><strong>Internet<\/strong><\/p>\n<p>Das Hotel Stechelberg stellt einen freien Internetzugang durch WLAN zur Verf\u00fcgung.<\/p>\n<p>&nbsp;<\/p>\n<p><strong>Schlussbestimmungen<\/strong><\/p>\n<p>S\u00e4mtliche Angaben (insbesondere Preise, Reservationen, Onlineberechnungen) sind ohne Gew\u00e4hr. Es kann nicht garantiert werden, dass diese Daten jederzeit vollumf\u00e4nglich auf dem aktuellsten Stand sind.<\/p>\n\n","protected":false},"excerpt":{"rendered":"<p>AGB AGB Ein Vertrag kommt zustande, wenn eine Zahlung der gesamten Buchungssumme mit einer Kreditkarte bei der Onlinebuchung oder bei direkter Buchung beim Check-in-Terminal get\u00e4tigt wurde. Nach der Buchung wird eine elektronische Buchungsbest\u00e4tigung an den Gast gesendet. &nbsp; Buchung und R\u00fccktritt Die Buchung erfolgt Online oder beim Check-in-Terminal. Die Vorauszahlung der gesamten Summer erfolgt im&hellip;<\/p>\n","protected":false},"author":5,"featured_media":0,"parent":0,"menu_order":0,"comment_status":"closed","ping_status":"closed","template":"","meta":{"footnotes":""},"class_list":["post-406","page","type-page","status-publish","hentry"],"_links":{"self":[{"href":"https:\/\/hotel-stechelberg.ch\/index.php\/wp-json\/wp\/v2\/pages\/406","targetHints":{"allow":["GET"]}}],"collection":[{"href":"https:\/\/hotel-stechelberg.ch\/index.php\/wp-json\/wp\/v2\/pages"}],"about":[{"href":"https:\/\/hotel-stechelberg.ch\/index.php\/wp-json\/wp\/v2\/types\/page"}],"author":[{"embeddable":true,"href":"https:\/\/hotel-stechelberg.ch\/index.php\/wp-json\/wp\/v2\/users\/5"}],"replies":[{"embeddable":true,"href":"https:\/\/hotel-stechelberg.ch\/index.php\/wp-json\/wp\/v2\/comments?post=406"}],"version-history":[{"count":0,"href":"https:\/\/hotel-stechelberg.ch\/index.php\/wp-json\/wp\/v2\/pages\/406\/revisions"}],"wp:attachment":[{"href":"https:\/\/hotel-stechelberg.ch\/index.php\/wp-json\/wp\/v2\/media?parent=406"}],"curies":[{"name":"wp","href":"https:\/\/api.w.org\/{rel}","templated":true}]}}