{"id":146,"date":"2022-03-08T19:47:21","date_gmt":"2022-03-08T18:47:21","guid":{"rendered":"https:\/\/hotel-stechelberg.ch\/?page_id=146"},"modified":"2023-04-25T13:49:36","modified_gmt":"2023-04-25T11:49:36","slug":"ueber-uns","status":"publish","type":"page","link":"https:\/\/hotel-stechelberg.ch\/index.php\/ueber-uns\/","title":{"rendered":"\u00dcber uns"},"content":{"rendered":"\n<h1>\n\t\t\u00dcber uns\n\t<\/h1>\n<h2>\n\t\t\u00dcber uns\n\t<\/h2>\n\tDas Hotel Stechelberg ist ein einfaches, traditionelles, in 4. Generation gef\u00fchrtes Familienhotel am Ende des Lauterbrunnentals zum Eingang des Unesco Kulturwelterbe.<br \/>\nDas familiengef\u00fchrte Hotel (Bed and Breakfast) empf\u00e4ngt Sie mit einfach eingerichteten Zimmer mit eigener Dusche\/WC oder Gemeinschaftsdusche\/WC auf der Etage (Lavabo in jedem Zimmer) und mit Panoramablick auf die Alpen oder das Tal. Die Zimmer sind mit Teppich oder Laminat ausgestattet. T\u00e4glich erwartet Sie ein frisches Bergfr\u00fchst\u00fccksbuffet f\u00fcr einen guten Start in den Tag.\n<p>&nbsp;<\/p>\n<p>Man spricht Deutsch, Englisch, Franz\u00f6sisch und ein wenig Spanisch.<\/p>\n\t\t\t\t<img decoding=\"async\" src=\"https:\/\/hotel-stechelberg.ch\/wp-content\/plugins\/bb-plugin\/img\/pixel.png\" alt=\"\" itemprop=\"image\" onerror=\"this.style.display='none'\"  \/>\n\t\t\t\t<a href=\"https:\/\/hotel-stechelberg.ch\/index.php\/ueber-uns\/img_0735\/\" target=\"_self\" itemprop=\"url\" rel=\"noopener\">\n\t\t\t\t<img loading=\"lazy\" decoding=\"async\" src=\"https:\/\/hotel-stechelberg.ch\/wp-content\/uploads\/2022\/05\/IMG_0735.jpg\" alt=\"IMG_0735\" itemprop=\"image\" height=\"545\" width=\"2048\" title=\"IMG_0735\" onerror=\"this.style.display='none'\"  \/>\n\t\t\t\t<\/a>\n\n","protected":false},"excerpt":{"rendered":"<p>\u00dcber uns \u00dcber uns Das Hotel Stechelberg ist ein einfaches, traditionelles, in 4. Generation gef\u00fchrtes Familienhotel am Ende des Lauterbrunnentals zum Eingang des Unesco Kulturwelterbe. Das familiengef\u00fchrte Hotel (Bed and Breakfast) empf\u00e4ngt Sie mit einfach eingerichteten Zimmer mit eigener Dusche\/WC oder Gemeinschaftsdusche\/WC auf der Etage (Lavabo in jedem Zimmer) und mit Panoramablick auf die Alpen&hellip;<\/p>\n","protected":false},"author":5,"featured_media":0,"parent":0,"menu_order":0,"comment_status":"closed","ping_status":"closed","template":"","meta":{"footnotes":""},"class_list":["post-146","page","type-page","status-publish","hentry"],"_links":{"self":[{"href":"https:\/\/hotel-stechelberg.ch\/index.php\/wp-json\/wp\/v2\/pages\/146","targetHints":{"allow":["GET"]}}],"collection":[{"href":"https:\/\/hotel-stechelberg.ch\/index.php\/wp-json\/wp\/v2\/pages"}],"about":[{"href":"https:\/\/hotel-stechelberg.ch\/index.php\/wp-json\/wp\/v2\/types\/page"}],"author":[{"embeddable":true,"href":"https:\/\/hotel-stechelberg.ch\/index.php\/wp-json\/wp\/v2\/users\/5"}],"replies":[{"embeddable":true,"href":"https:\/\/hotel-stechelberg.ch\/index.php\/wp-json\/wp\/v2\/comments?post=146"}],"version-history":[{"count":0,"href":"https:\/\/hotel-stechelberg.ch\/index.php\/wp-json\/wp\/v2\/pages\/146\/revisions"}],"wp:attachment":[{"href":"https:\/\/hotel-stechelberg.ch\/index.php\/wp-json\/wp\/v2\/media?parent=146"}],"curies":[{"name":"wp","href":"https:\/\/api.w.org\/{rel}","templated":true}]}}