{"id":139,"date":"2022-03-08T19:37:22","date_gmt":"2022-03-08T18:37:22","guid":{"rendered":"https:\/\/hotel-stechelberg.ch\/?page_id=139"},"modified":"2023-04-25T13:48:23","modified_gmt":"2023-04-25T11:48:23","slug":"ferienwohnungen","status":"publish","type":"page","link":"https:\/\/hotel-stechelberg.ch\/index.php\/ferienwohnungen\/","title":{"rendered":"Ferienwohnungen"},"content":{"rendered":"\n<h1>\n\t\tFerienwohnungen\n\t<\/h1>\n<h2>\n\t\tFerienwohnungen\n\t<\/h2>\n\t<div class=\"mphb_sc_room-wrapper \"><div class=\"mphb-room-type post-341 mphb_room_type type-mphb_room_type status-publish mphb_room_type_category-ferienwohnung mphb_room_type_facility-gratis-wlan mphb_room_type_facility-parkplatz mphb-room-type-adults-4 mphb-room-type-children-0 has-taxes-and-fees\">\n\n\t\n\t\n<h2 class=\"mphb-room-type-title entry-title\">\n\n<a class=\"mphb-room-type-title\" href=\"https:\/\/hotel-stechelberg.ch\/index.php\/accommodation\/feriencottage-flueehblueemli\/\">Feriencottage Fl\u00fcehbl\u00fcemli<\/a>\n\n<\/h2>\n\n<p>(ganzes Cottage, alleinstehend) (2 Erw. + 3 Kinder oder 4 Erwachsene) Suchen Sie Ruhe, Erholung, Natur pur (rundum Bergpanorama mit Wasserf\u00e4llen) und stille Bergromantik? dann sind Sie beim Ferien Cottage Fl\u00fcehbl\u00fcemli genau richtig! Das Cottage Fl\u00fcehbl\u00fcemli befindet sich zuhinterst im sch\u00f6nen Lauterbrunnental in Stechelberg (kein Durchgangsverkehr, Ende der Strasse) und ist ein idealer Ausgangspunkt f\u00fcr&hellip;<\/p>\n\n\n<h3 class=\"mphb-room-type-details-title\">Details<\/h3><ul class=\"mphb-loop-room-type-attributes\">\n\n\n\t<li class=\"mphb-room-type-adults-capacity\"><span class=\"mphb-attribute-title mphb-adults-title\">Erwachsene:<\/span><span class=\"mphb-attribute-value\">\n\t4\n\t<\/span><\/li>\n\t\n\n\n\t<li class=\"mphb-room-type-facilities\"><span class=\"mphb-attribute-title mphb-facilities-title\">Ausstattungen:<\/span><span class=\"mphb-attribute-value\"> <span class=\"facility-gratis-wlan\"><a href=\"https:\/\/hotel-stechelberg.ch\/index.php\/accommodation-facility\/gratis-wlan\/\">Gratis WLAN<\/a><\/span>, <span class=\"facility-parkplatz\"><a href=\"https:\/\/hotel-stechelberg.ch\/index.php\/accommodation-facility\/parkplatz\/\">Parkplatz<\/a><\/span><\/span><\/li>\n\t\n\n\n\t<li class=\"mphb-room-type-view\"><span class=\"mphb-attribute-title mphb-view-title\">Ansicht:<\/span><span class=\"mphb-attribute-value\">\n\tBerg-und Talsicht\n\t<\/span><\/li>\n\t\n\n\n\n\n\n\t<li class=\"mphb-room-type-categories\"><span class=\"mphb-attribute-title mphb-categories-title\">Kategorien:<\/span><span class=\"mphb-attribute-value\"> <span class=\"category-ferienwohnung\"><a href=\"https:\/\/hotel-stechelberg.ch\/index.php\/accommodation-category\/ferienwohnung\/\">Ferienwohnung<\/a><\/span><\/span><\/li>\n\t\n<\/ul>\n\n<div class=\"mphb-to-book-btn-wrapper\">\n<form action=\"https:\/\/hotel-stechelberg.ch\/index.php\/accommodation\/feriencottage-flueehblueemli\/#booking-form-341\" method=\"get\" ><button type=\"submit\" class=\"button mphb-book-button\" >Buchen<\/button><\/form>\n<br\/><\/div>\n\t\n<\/div>\n<\/div>\n<p>&nbsp;<\/p>\n\t<div class=\"mphb_sc_room-wrapper \"><div class=\"mphb-room-type post-325 mphb_room_type type-mphb_room_type status-publish has-post-thumbnail mphb_room_type_category-ferienwohnung mphb_room_type_facility-gratis-wlan mphb_room_type_facility-parkplatz mphb-room-type-adults-5 mphb-room-type-children-0 has-taxes-and-fees\">\n\n\t\n\t\n\n\t<div class=\"mphb-room-type-images\">\n\t<div id='mphb-flexslider-gallery-1' class='gallery-columns-1 gallery-size-large mphb-gallery-main-slider mphb-flexslider-gallery-wrapper mphb-room-type-gallery-wrapper mphb-gallery-main-slider-69e2dc34dccb9' data-flexslider-atts='{\"animation\":\"slide\",\"controlNav\":false,\"animationLoop\":true,\"smoothHeight\":true,\"slideshow\":false}' data-group='69e2dc34dccb9'><ul class=\"slides\"><li class='gallery-item'><span class='gallery-icon landscape'>\n\t\t\t\t<a href=\"https:\/\/hotel-stechelberg.ch\/index.php\/accommodation\/chalet-appartment\/\"><img loading=\"lazy\" decoding=\"async\" width=\"1024\" height=\"683\" src=\"https:\/\/hotel-stechelberg.ch\/wp-content\/uploads\/2022\/05\/Chalet-Appartement-integriertes-Schlafzimmer-1024x683.jpg\" class=\"attachment-large size-large\" alt=\"\" srcset=\"https:\/\/hotel-stechelberg.ch\/wp-content\/uploads\/2022\/05\/Chalet-Appartement-integriertes-Schlafzimmer-1024x683.jpg 1024w, https:\/\/hotel-stechelberg.ch\/wp-content\/uploads\/2022\/05\/Chalet-Appartement-integriertes-Schlafzimmer-600x400.jpg 600w, https:\/\/hotel-stechelberg.ch\/wp-content\/uploads\/2022\/05\/Chalet-Appartement-integriertes-Schlafzimmer-300x200.jpg 300w, https:\/\/hotel-stechelberg.ch\/wp-content\/uploads\/2022\/05\/Chalet-Appartement-integriertes-Schlafzimmer-768x512.jpg 768w, https:\/\/hotel-stechelberg.ch\/wp-content\/uploads\/2022\/05\/Chalet-Appartement-integriertes-Schlafzimmer-1536x1024.jpg 1536w, https:\/\/hotel-stechelberg.ch\/wp-content\/uploads\/2022\/05\/Chalet-Appartement-integriertes-Schlafzimmer.jpg 2048w\" sizes=\"auto, (max-width: 1024px) 100vw, 1024px\" \/><\/a>\n\t\t\t<\/span><\/li><li class='gallery-item'><span class='gallery-icon landscape'>\n\t\t\t\t<a href=\"https:\/\/hotel-stechelberg.ch\/index.php\/accommodation\/chalet-appartment\/\"><img loading=\"lazy\" decoding=\"async\" width=\"1024\" height=\"683\" src=\"https:\/\/hotel-stechelberg.ch\/wp-content\/uploads\/2022\/05\/Chalet-Appartement-integriertes-Wohnschlafzimmer-1024x683.jpg\" class=\"attachment-large size-large\" alt=\"\" srcset=\"https:\/\/hotel-stechelberg.ch\/wp-content\/uploads\/2022\/05\/Chalet-Appartement-integriertes-Wohnschlafzimmer-1024x683.jpg 1024w, https:\/\/hotel-stechelberg.ch\/wp-content\/uploads\/2022\/05\/Chalet-Appartement-integriertes-Wohnschlafzimmer-600x400.jpg 600w, https:\/\/hotel-stechelberg.ch\/wp-content\/uploads\/2022\/05\/Chalet-Appartement-integriertes-Wohnschlafzimmer-300x200.jpg 300w, https:\/\/hotel-stechelberg.ch\/wp-content\/uploads\/2022\/05\/Chalet-Appartement-integriertes-Wohnschlafzimmer-768x512.jpg 768w, https:\/\/hotel-stechelberg.ch\/wp-content\/uploads\/2022\/05\/Chalet-Appartement-integriertes-Wohnschlafzimmer-1536x1024.jpg 1536w, https:\/\/hotel-stechelberg.ch\/wp-content\/uploads\/2022\/05\/Chalet-Appartement-integriertes-Wohnschlafzimmer.jpg 2048w\" sizes=\"auto, (max-width: 1024px) 100vw, 1024px\" \/><\/a>\n\t\t\t<\/span><\/li><li class='gallery-item'><span class='gallery-icon landscape'>\n\t\t\t\t<a href=\"https:\/\/hotel-stechelberg.ch\/index.php\/accommodation\/chalet-appartment\/\"><img loading=\"lazy\" decoding=\"async\" width=\"1024\" height=\"683\" src=\"https:\/\/hotel-stechelberg.ch\/wp-content\/uploads\/2022\/05\/Chalet-Appartement-Ku\u0308che-2-1024x683.jpg\" class=\"attachment-large size-large\" alt=\"\" srcset=\"https:\/\/hotel-stechelberg.ch\/wp-content\/uploads\/2022\/05\/Chalet-Appartement-Ku\u0308che-2-1024x683.jpg 1024w, https:\/\/hotel-stechelberg.ch\/wp-content\/uploads\/2022\/05\/Chalet-Appartement-Ku\u0308che-2-600x400.jpg 600w, https:\/\/hotel-stechelberg.ch\/wp-content\/uploads\/2022\/05\/Chalet-Appartement-Ku\u0308che-2-300x200.jpg 300w, https:\/\/hotel-stechelberg.ch\/wp-content\/uploads\/2022\/05\/Chalet-Appartement-Ku\u0308che-2-768x512.jpg 768w, https:\/\/hotel-stechelberg.ch\/wp-content\/uploads\/2022\/05\/Chalet-Appartement-Ku\u0308che-2-1536x1024.jpg 1536w, https:\/\/hotel-stechelberg.ch\/wp-content\/uploads\/2022\/05\/Chalet-Appartement-Ku\u0308che-2.jpg 2048w\" sizes=\"auto, (max-width: 1024px) 100vw, 1024px\" \/><\/a>\n\t\t\t<\/span><\/li><li class='gallery-item'><span class='gallery-icon landscape'>\n\t\t\t\t<a href=\"https:\/\/hotel-stechelberg.ch\/index.php\/accommodation\/chalet-appartment\/\"><img loading=\"lazy\" decoding=\"async\" width=\"1024\" height=\"683\" src=\"https:\/\/hotel-stechelberg.ch\/wp-content\/uploads\/2022\/05\/Chalet-Appartement-Ku\u0308che-3-1024x683.jpg\" class=\"attachment-large size-large\" alt=\"\" srcset=\"https:\/\/hotel-stechelberg.ch\/wp-content\/uploads\/2022\/05\/Chalet-Appartement-Ku\u0308che-3-1024x683.jpg 1024w, https:\/\/hotel-stechelberg.ch\/wp-content\/uploads\/2022\/05\/Chalet-Appartement-Ku\u0308che-3-600x400.jpg 600w, https:\/\/hotel-stechelberg.ch\/wp-content\/uploads\/2022\/05\/Chalet-Appartement-Ku\u0308che-3-300x200.jpg 300w, https:\/\/hotel-stechelberg.ch\/wp-content\/uploads\/2022\/05\/Chalet-Appartement-Ku\u0308che-3-768x512.jpg 768w, https:\/\/hotel-stechelberg.ch\/wp-content\/uploads\/2022\/05\/Chalet-Appartement-Ku\u0308che-3-1536x1024.jpg 1536w, https:\/\/hotel-stechelberg.ch\/wp-content\/uploads\/2022\/05\/Chalet-Appartement-Ku\u0308che-3.jpg 2048w\" sizes=\"auto, (max-width: 1024px) 100vw, 1024px\" \/><\/a>\n\t\t\t<\/span><\/li><li class='gallery-item'><span class='gallery-icon landscape'>\n\t\t\t\t<a href=\"https:\/\/hotel-stechelberg.ch\/index.php\/accommodation\/chalet-appartment\/\"><img loading=\"lazy\" decoding=\"async\" width=\"1024\" height=\"683\" src=\"https:\/\/hotel-stechelberg.ch\/wp-content\/uploads\/2022\/05\/Chalet-Appartement-Ku\u0308che-1024x683.jpg\" class=\"attachment-large size-large\" alt=\"\" srcset=\"https:\/\/hotel-stechelberg.ch\/wp-content\/uploads\/2022\/05\/Chalet-Appartement-Ku\u0308che-1024x683.jpg 1024w, https:\/\/hotel-stechelberg.ch\/wp-content\/uploads\/2022\/05\/Chalet-Appartement-Ku\u0308che-600x400.jpg 600w, https:\/\/hotel-stechelberg.ch\/wp-content\/uploads\/2022\/05\/Chalet-Appartement-Ku\u0308che-300x200.jpg 300w, https:\/\/hotel-stechelberg.ch\/wp-content\/uploads\/2022\/05\/Chalet-Appartement-Ku\u0308che-768x512.jpg 768w, https:\/\/hotel-stechelberg.ch\/wp-content\/uploads\/2022\/05\/Chalet-Appartement-Ku\u0308che-1536x1024.jpg 1536w, https:\/\/hotel-stechelberg.ch\/wp-content\/uploads\/2022\/05\/Chalet-Appartement-Ku\u0308che.jpg 2048w\" sizes=\"auto, (max-width: 1024px) 100vw, 1024px\" \/><\/a>\n\t\t\t<\/span><\/li><li class='gallery-item'><span class='gallery-icon landscape'>\n\t\t\t\t<a href=\"https:\/\/hotel-stechelberg.ch\/index.php\/accommodation\/chalet-appartment\/\"><img loading=\"lazy\" decoding=\"async\" width=\"1024\" height=\"683\" src=\"https:\/\/hotel-stechelberg.ch\/wp-content\/uploads\/2022\/05\/Chalet-Appartement-Schlafzimmer-2-1024x683.jpg\" class=\"attachment-large size-large\" alt=\"\" srcset=\"https:\/\/hotel-stechelberg.ch\/wp-content\/uploads\/2022\/05\/Chalet-Appartement-Schlafzimmer-2-1024x683.jpg 1024w, https:\/\/hotel-stechelberg.ch\/wp-content\/uploads\/2022\/05\/Chalet-Appartement-Schlafzimmer-2-600x400.jpg 600w, https:\/\/hotel-stechelberg.ch\/wp-content\/uploads\/2022\/05\/Chalet-Appartement-Schlafzimmer-2-300x200.jpg 300w, https:\/\/hotel-stechelberg.ch\/wp-content\/uploads\/2022\/05\/Chalet-Appartement-Schlafzimmer-2-768x512.jpg 768w, https:\/\/hotel-stechelberg.ch\/wp-content\/uploads\/2022\/05\/Chalet-Appartement-Schlafzimmer-2-1536x1024.jpg 1536w, https:\/\/hotel-stechelberg.ch\/wp-content\/uploads\/2022\/05\/Chalet-Appartement-Schlafzimmer-2.jpg 2048w\" sizes=\"auto, (max-width: 1024px) 100vw, 1024px\" \/><\/a>\n\t\t\t<\/span><\/li><li class='gallery-item'><span class='gallery-icon portrait'>\n\t\t\t\t<a href=\"https:\/\/hotel-stechelberg.ch\/index.php\/accommodation\/chalet-appartment\/\"><img loading=\"lazy\" decoding=\"async\" width=\"683\" height=\"1024\" src=\"https:\/\/hotel-stechelberg.ch\/wp-content\/uploads\/2022\/05\/Chalet-Appartement-Schlafzimmer-683x1024.jpg\" class=\"attachment-large size-large\" alt=\"\" srcset=\"https:\/\/hotel-stechelberg.ch\/wp-content\/uploads\/2022\/05\/Chalet-Appartement-Schlafzimmer-683x1024.jpg 683w, https:\/\/hotel-stechelberg.ch\/wp-content\/uploads\/2022\/05\/Chalet-Appartement-Schlafzimmer-600x900.jpg 600w, https:\/\/hotel-stechelberg.ch\/wp-content\/uploads\/2022\/05\/Chalet-Appartement-Schlafzimmer-200x300.jpg 200w, https:\/\/hotel-stechelberg.ch\/wp-content\/uploads\/2022\/05\/Chalet-Appartement-Schlafzimmer-768x1152.jpg 768w, https:\/\/hotel-stechelberg.ch\/wp-content\/uploads\/2022\/05\/Chalet-Appartement-Schlafzimmer-1024x1536.jpg 1024w, https:\/\/hotel-stechelberg.ch\/wp-content\/uploads\/2022\/05\/Chalet-Appartement-Schlafzimmer.jpg 1365w\" sizes=\"auto, (max-width: 683px) 100vw, 683px\" \/><\/a>\n\t\t\t<\/span><\/li><\/ul>\n\t\t<\/div>\n<div id='mphb-flexslider-gallery-2' class='gallery-columns-4 gallery-size-thumbnail mphb-gallery-thumbnail-slider mphb-flexslider-gallery-wrapper mphb-room-type-gallery-wrapper mphb-gallery-thumbnail-slider-69e2dc34dccb9' data-flexslider-atts='{\"animation\":\"slide\",\"controlNav\":false,\"animationLoop\":true,\"slideshow\":false,\"itemMargin\":5}' data-group='69e2dc34dccb9'><ul class=\"slides\"><li class='gallery-item'><span class='gallery-icon landscape'>\n\t\t\t\t<a href='https:\/\/hotel-stechelberg.ch\/index.php\/accommodation\/chalet-appartment\/chalet-appartement-integriertes-schlafzimmer\/'><img loading=\"lazy\" decoding=\"async\" width=\"150\" height=\"150\" src=\"https:\/\/hotel-stechelberg.ch\/wp-content\/uploads\/2022\/05\/Chalet-Appartement-integriertes-Schlafzimmer-150x150.jpg\" class=\"attachment-thumbnail size-thumbnail\" alt=\"\" srcset=\"https:\/\/hotel-stechelberg.ch\/wp-content\/uploads\/2022\/05\/Chalet-Appartement-integriertes-Schlafzimmer-150x150.jpg 150w, https:\/\/hotel-stechelberg.ch\/wp-content\/uploads\/2022\/05\/Chalet-Appartement-integriertes-Schlafzimmer-300x300.jpg 300w, https:\/\/hotel-stechelberg.ch\/wp-content\/uploads\/2022\/05\/Chalet-Appartement-integriertes-Schlafzimmer-100x100.jpg 100w\" sizes=\"auto, (max-width: 150px) 100vw, 150px\" \/><\/a>\n\t\t\t<\/span><\/li><li class='gallery-item'><span class='gallery-icon landscape'>\n\t\t\t\t<a href='https:\/\/hotel-stechelberg.ch\/index.php\/accommodation\/chalet-appartment\/chalet-appartement-integriertes-wohnschlafzimmer\/'><img loading=\"lazy\" decoding=\"async\" width=\"150\" height=\"150\" src=\"https:\/\/hotel-stechelberg.ch\/wp-content\/uploads\/2022\/05\/Chalet-Appartement-integriertes-Wohnschlafzimmer-150x150.jpg\" class=\"attachment-thumbnail size-thumbnail\" alt=\"\" srcset=\"https:\/\/hotel-stechelberg.ch\/wp-content\/uploads\/2022\/05\/Chalet-Appartement-integriertes-Wohnschlafzimmer-150x150.jpg 150w, https:\/\/hotel-stechelberg.ch\/wp-content\/uploads\/2022\/05\/Chalet-Appartement-integriertes-Wohnschlafzimmer-300x300.jpg 300w, https:\/\/hotel-stechelberg.ch\/wp-content\/uploads\/2022\/05\/Chalet-Appartement-integriertes-Wohnschlafzimmer-100x100.jpg 100w\" sizes=\"auto, (max-width: 150px) 100vw, 150px\" \/><\/a>\n\t\t\t<\/span><\/li><li class='gallery-item'><span class='gallery-icon landscape'>\n\t\t\t\t<a href='https:\/\/hotel-stechelberg.ch\/index.php\/accommodation\/chalet-appartment\/chalet-appartement-ku%cc%88che-2\/'><img loading=\"lazy\" decoding=\"async\" width=\"150\" height=\"150\" src=\"https:\/\/hotel-stechelberg.ch\/wp-content\/uploads\/2022\/05\/Chalet-Appartement-Ku\u0308che-2-150x150.jpg\" class=\"attachment-thumbnail size-thumbnail\" alt=\"\" srcset=\"https:\/\/hotel-stechelberg.ch\/wp-content\/uploads\/2022\/05\/Chalet-Appartement-Ku\u0308che-2-150x150.jpg 150w, https:\/\/hotel-stechelberg.ch\/wp-content\/uploads\/2022\/05\/Chalet-Appartement-Ku\u0308che-2-300x300.jpg 300w, https:\/\/hotel-stechelberg.ch\/wp-content\/uploads\/2022\/05\/Chalet-Appartement-Ku\u0308che-2-100x100.jpg 100w\" sizes=\"auto, (max-width: 150px) 100vw, 150px\" \/><\/a>\n\t\t\t<\/span><\/li><li class='gallery-item'><span class='gallery-icon landscape'>\n\t\t\t\t<a href='https:\/\/hotel-stechelberg.ch\/index.php\/accommodation\/chalet-appartment\/chalet-appartement-ku%cc%88che-3\/'><img loading=\"lazy\" decoding=\"async\" width=\"150\" height=\"150\" src=\"https:\/\/hotel-stechelberg.ch\/wp-content\/uploads\/2022\/05\/Chalet-Appartement-Ku\u0308che-3-150x150.jpg\" class=\"attachment-thumbnail size-thumbnail\" alt=\"\" srcset=\"https:\/\/hotel-stechelberg.ch\/wp-content\/uploads\/2022\/05\/Chalet-Appartement-Ku\u0308che-3-150x150.jpg 150w, https:\/\/hotel-stechelberg.ch\/wp-content\/uploads\/2022\/05\/Chalet-Appartement-Ku\u0308che-3-300x300.jpg 300w, https:\/\/hotel-stechelberg.ch\/wp-content\/uploads\/2022\/05\/Chalet-Appartement-Ku\u0308che-3-100x100.jpg 100w\" sizes=\"auto, (max-width: 150px) 100vw, 150px\" \/><\/a>\n\t\t\t<\/span><\/li><li class='gallery-item'><span class='gallery-icon landscape'>\n\t\t\t\t<a href='https:\/\/hotel-stechelberg.ch\/index.php\/accommodation\/chalet-appartment\/chalet-appartement-ku%cc%88che\/'><img loading=\"lazy\" decoding=\"async\" width=\"150\" height=\"150\" src=\"https:\/\/hotel-stechelberg.ch\/wp-content\/uploads\/2022\/05\/Chalet-Appartement-Ku\u0308che-150x150.jpg\" class=\"attachment-thumbnail size-thumbnail\" alt=\"\" srcset=\"https:\/\/hotel-stechelberg.ch\/wp-content\/uploads\/2022\/05\/Chalet-Appartement-Ku\u0308che-150x150.jpg 150w, https:\/\/hotel-stechelberg.ch\/wp-content\/uploads\/2022\/05\/Chalet-Appartement-Ku\u0308che-300x300.jpg 300w, https:\/\/hotel-stechelberg.ch\/wp-content\/uploads\/2022\/05\/Chalet-Appartement-Ku\u0308che-100x100.jpg 100w\" sizes=\"auto, (max-width: 150px) 100vw, 150px\" \/><\/a>\n\t\t\t<\/span><\/li><li class='gallery-item'><span class='gallery-icon landscape'>\n\t\t\t\t<a href='https:\/\/hotel-stechelberg.ch\/index.php\/accommodation\/chalet-appartment\/chalet-appartement-schlafzimmer-2\/'><img loading=\"lazy\" decoding=\"async\" width=\"150\" height=\"150\" src=\"https:\/\/hotel-stechelberg.ch\/wp-content\/uploads\/2022\/05\/Chalet-Appartement-Schlafzimmer-2-150x150.jpg\" class=\"attachment-thumbnail size-thumbnail\" alt=\"\" srcset=\"https:\/\/hotel-stechelberg.ch\/wp-content\/uploads\/2022\/05\/Chalet-Appartement-Schlafzimmer-2-150x150.jpg 150w, https:\/\/hotel-stechelberg.ch\/wp-content\/uploads\/2022\/05\/Chalet-Appartement-Schlafzimmer-2-300x300.jpg 300w, https:\/\/hotel-stechelberg.ch\/wp-content\/uploads\/2022\/05\/Chalet-Appartement-Schlafzimmer-2-100x100.jpg 100w\" sizes=\"auto, (max-width: 150px) 100vw, 150px\" \/><\/a>\n\t\t\t<\/span><\/li><li class='gallery-item'><span class='gallery-icon portrait'>\n\t\t\t\t<a href='https:\/\/hotel-stechelberg.ch\/index.php\/accommodation\/chalet-appartment\/chalet-appartement-schlafzimmer\/'><img loading=\"lazy\" decoding=\"async\" width=\"150\" height=\"150\" src=\"https:\/\/hotel-stechelberg.ch\/wp-content\/uploads\/2022\/05\/Chalet-Appartement-Schlafzimmer-150x150.jpg\" class=\"attachment-thumbnail size-thumbnail\" alt=\"\" srcset=\"https:\/\/hotel-stechelberg.ch\/wp-content\/uploads\/2022\/05\/Chalet-Appartement-Schlafzimmer-150x150.jpg 150w, https:\/\/hotel-stechelberg.ch\/wp-content\/uploads\/2022\/05\/Chalet-Appartement-Schlafzimmer-300x300.jpg 300w, https:\/\/hotel-stechelberg.ch\/wp-content\/uploads\/2022\/05\/Chalet-Appartement-Schlafzimmer-100x100.jpg 100w\" sizes=\"auto, (max-width: 150px) 100vw, 150px\" \/><\/a>\n\t\t\t<\/span><\/li><\/ul>\n\t\t<\/div>\n\n\t<\/div>\n\t\n<h2 class=\"mphb-room-type-title entry-title\">\n\n<a class=\"mphb-room-type-title\" href=\"https:\/\/hotel-stechelberg.ch\/index.php\/accommodation\/chalet-appartment\/\">Chalet Appartment<\/a>\n\n<\/h2>\n\n<p>Grosses sch\u00f6nes Appartement im Chalet, grosser Balkon mit Berg- und Talsicht. Ausgestattet mit einem Dreibettzimmer sowie zwei Einzelbetten im Wohnzimmer und einem Bettsofa. Das Wohnzimmer ist mit zwei Sofas, einem Salontisch und einem Fernseher ausgestattet. Badezimmer Frottee- und K\u00fcchenw\u00e4sche vorhanden. Separate K\u00fcche mit Mikrowelle, Kaffeemaschine, Toaster, Wasserkocher und Esstisch. F\u00fcr 4-6 Personen (mehr Personen nur&hellip;<\/p>\n\n\n<h3 class=\"mphb-room-type-details-title\">Details<\/h3><ul class=\"mphb-loop-room-type-attributes\">\n\n\n\t<li class=\"mphb-room-type-adults-capacity\"><span class=\"mphb-attribute-title mphb-adults-title\">Erwachsene:<\/span><span class=\"mphb-attribute-value\">\n\t5\n\t<\/span><\/li>\n\t\n\n\n\t<li class=\"mphb-room-type-facilities\"><span class=\"mphb-attribute-title mphb-facilities-title\">Ausstattungen:<\/span><span class=\"mphb-attribute-value\"> <span class=\"facility-gratis-wlan\"><a href=\"https:\/\/hotel-stechelberg.ch\/index.php\/accommodation-facility\/gratis-wlan\/\">Gratis WLAN<\/a><\/span>, <span class=\"facility-parkplatz\"><a href=\"https:\/\/hotel-stechelberg.ch\/index.php\/accommodation-facility\/parkplatz\/\">Parkplatz<\/a><\/span><\/span><\/li>\n\t\n\n\n\t<li class=\"mphb-room-type-view\"><span class=\"mphb-attribute-title mphb-view-title\">Ansicht:<\/span><span class=\"mphb-attribute-value\">\n\tBerg- und Talsicht\n\t<\/span><\/li>\n\t\n\n\n\n\n\n\t<li class=\"mphb-room-type-categories\"><span class=\"mphb-attribute-title mphb-categories-title\">Kategorien:<\/span><span class=\"mphb-attribute-value\"> <span class=\"category-ferienwohnung\"><a href=\"https:\/\/hotel-stechelberg.ch\/index.php\/accommodation-category\/ferienwohnung\/\">Ferienwohnung<\/a><\/span><\/span><\/li>\n\t\n<\/ul>\n\n<div class=\"mphb-to-book-btn-wrapper\">\n<form action=\"https:\/\/hotel-stechelberg.ch\/index.php\/accommodation\/chalet-appartment\/#booking-form-325\" method=\"get\" ><button type=\"submit\" class=\"button mphb-book-button\" >Buchen<\/button><\/form>\n<br\/><\/div>\n\t\n<\/div>\n<\/div>\n<p>&nbsp;<\/p>\n\n","protected":false},"excerpt":{"rendered":"<p>Ferienwohnungen Ferienwohnungen &nbsp; &nbsp;<\/p>\n","protected":false},"author":5,"featured_media":0,"parent":0,"menu_order":0,"comment_status":"closed","ping_status":"closed","template":"","meta":{"footnotes":""},"class_list":["post-139","page","type-page","status-publish","hentry"],"_links":{"self":[{"href":"https:\/\/hotel-stechelberg.ch\/index.php\/wp-json\/wp\/v2\/pages\/139","targetHints":{"allow":["GET"]}}],"collection":[{"href":"https:\/\/hotel-stechelberg.ch\/index.php\/wp-json\/wp\/v2\/pages"}],"about":[{"href":"https:\/\/hotel-stechelberg.ch\/index.php\/wp-json\/wp\/v2\/types\/page"}],"author":[{"embeddable":true,"href":"https:\/\/hotel-stechelberg.ch\/index.php\/wp-json\/wp\/v2\/users\/5"}],"replies":[{"embeddable":true,"href":"https:\/\/hotel-stechelberg.ch\/index.php\/wp-json\/wp\/v2\/comments?post=139"}],"version-history":[{"count":0,"href":"https:\/\/hotel-stechelberg.ch\/index.php\/wp-json\/wp\/v2\/pages\/139\/revisions"}],"wp:attachment":[{"href":"https:\/\/hotel-stechelberg.ch\/index.php\/wp-json\/wp\/v2\/media?parent=139"}],"curies":[{"name":"wp","href":"https:\/\/api.w.org\/{rel}","templated":true}]}}